{"id":659,"date":"2017-09-20T15:03:54","date_gmt":"2017-09-20T13:03:54","guid":{"rendered":"http:\/\/lisfadis.com\/?page_id=659"},"modified":"2017-09-20T15:03:54","modified_gmt":"2017-09-20T13:03:54","slug":"gallery","status":"publish","type":"page","link":"https:\/\/www.lisfadis.com\/en\/gallery\/","title":{"rendered":"Gallery"},"content":{"rendered":"<p>Una piccola azienda vitivinicola con produzioni di grande qualit\u00e0. Qui, tra i colli di Sant&#8217;Anna e i ronchi di San Giuseppe, due nomi che contribuiscono al fascino dei luoghi, facciamo dei vini unici. Lis Fadis \u00e8 qualcosa di pi\u00f9 di un&#8217;azienda vitivinicola. Nella semplicit\u00e0 della nostra accoglienza potrete conoscere vini dal grande fascino sensoriale, un luogo curato, un paesaggio sorprendente. Per non parlare del rispetto per la Natura e l&#8217;amore per la storia e per l&#8217;arte. Inoltre quell&#8217;attaccamento alla cultura popolare che ha portato un tocco di magia al risultato delle nostre vendemmie.<\/p>\n<h3>Uno scrigno aperto ai visitatori.<\/h3>\n<p>Ad impreziosire ulteriormente questo scrigno a cielo aperto c&#8217;\u00e8 una collezione di alberi da frutta di antiche variet\u00e0, la maggior parte delle quali ormai quasi introvabili, di cui non volevamo perdere profumi e sapori. Sono state messe a dimora 170 piante, 52 delle quali sono meli (Zeuka, El Todesc, Mela Gava, Mela di Pasqua, Mela Culo di Paperino, tutte le Calville, ecc.) e, per il resto, peri (Pero Fico di Udine, Pettorale, Volpina, Volpona, Pera briaca, ecc.), ciliegi, susini, peschi&#8230;<br \/>\nLa nostra passione per la storia e per il bello ha tovato, cos\u00ec, un modo compiuto di esprimersi: gli oggetti d&#8217;arte sono affiancati da questa raccolta di forme viventi come nessun museo \u00e8 in grado di proporre. Anche qui sta l&#8217;originalit\u00e0 de Lis Fadis.<\/p>\n","protected":false},"excerpt":{"rendered":"<p>Una piccola azienda vitivinicola con produzioni di grande qualit\u00e0. Qui, tra i colli di Sant&#8217;Anna e i ronchi di San Giuseppe, due nomi che contribuiscono al fascino dei luoghi, facciamo dei vini unici. Lis Fadis \u00e8 qualcosa di pi\u00f9 di un&#8217;azienda vitivinicola. Nella semplicit\u00e0 della nostra accoglienza potrete conoscere vini dal grande fascino sensoriale, un [&hellip;]<\/p>\n","protected":false},"author":1,"featured_media":0,"parent":0,"menu_order":0,"comment_status":"closed","ping_status":"closed","template":"page-templates\/about.php","meta":[],"yoast_head":"<!-- This site is optimized with the Yoast SEO plugin v15.9.1 - https:\/\/yoast.com\/wordpress\/plugins\/seo\/ -->\n<title>Gallery - Lis Fadis<\/title>\n<meta name=\"robots\" content=\"index, follow, max-snippet:-1, max-image-preview:large, max-video-preview:-1\" \/>\n<link rel=\"canonical\" href=\"https:\/\/www.lisfadis.com\/en\/gallery\/\" \/>\n<meta property=\"og:locale\" content=\"en_US\" \/>\n<meta property=\"og:type\" content=\"article\" \/>\n<meta property=\"og:title\" content=\"Gallery - Lis Fadis\" \/>\n<meta property=\"og:description\" content=\"Una piccola azienda vitivinicola con produzioni di grande qualit\u00e0. Qui, tra i colli di Sant&#8217;Anna e i ronchi di San Giuseppe, due nomi che contribuiscono al fascino dei luoghi, facciamo dei vini unici. Lis Fadis \u00e8 qualcosa di pi\u00f9 di un&#8217;azienda vitivinicola. Nella semplicit\u00e0 della nostra accoglienza potrete conoscere vini dal grande fascino sensoriale, un [&hellip;]\" \/>\n<meta property=\"og:url\" content=\"https:\/\/www.lisfadis.com\/en\/gallery\/\" \/>\n<meta property=\"og:site_name\" content=\"Lis Fadis\" \/>\n<meta name=\"twitter:card\" content=\"summary\" \/>\n<meta name=\"twitter:label1\" content=\"Est. reading time\">\n\t<meta name=\"twitter:data1\" content=\"1 minute\">\n<script type=\"application\/ld+json\" class=\"yoast-schema-graph\">{\"@context\":\"https:\/\/schema.org\",\"@graph\":[{\"@type\":\"WebSite\",\"@id\":\"https:\/\/www.lisfadis.com\/#website\",\"url\":\"https:\/\/www.lisfadis.com\/\",\"name\":\"Lis Fadis\",\"description\":\"Vini di qualit\\u00e0 dei Colli Orientali del Friuli\",\"potentialAction\":[{\"@type\":\"SearchAction\",\"target\":\"https:\/\/www.lisfadis.com\/?s={search_term_string}\",\"query-input\":\"required name=search_term_string\"}],\"inLanguage\":\"en-US\"},{\"@type\":\"WebPage\",\"@id\":\"https:\/\/www.lisfadis.com\/en\/gallery\/#webpage\",\"url\":\"https:\/\/www.lisfadis.com\/en\/gallery\/\",\"name\":\"Gallery - Lis Fadis\",\"isPartOf\":{\"@id\":\"https:\/\/www.lisfadis.com\/#website\"},\"datePublished\":\"2017-09-20T13:03:54+00:00\",\"dateModified\":\"2017-09-20T13:03:54+00:00\",\"breadcrumb\":{\"@id\":\"https:\/\/www.lisfadis.com\/en\/gallery\/#breadcrumb\"},\"inLanguage\":\"en-US\",\"potentialAction\":[{\"@type\":\"ReadAction\",\"target\":[\"https:\/\/www.lisfadis.com\/en\/gallery\/\"]}]},{\"@type\":\"BreadcrumbList\",\"@id\":\"https:\/\/www.lisfadis.com\/en\/gallery\/#breadcrumb\",\"itemListElement\":[{\"@type\":\"ListItem\",\"position\":1,\"item\":{\"@type\":\"WebPage\",\"@id\":\"https:\/\/www.lisfadis.com\/en\/home\/\",\"url\":\"https:\/\/www.lisfadis.com\/en\/home\/\",\"name\":\"Home\"}},{\"@type\":\"ListItem\",\"position\":2,\"item\":{\"@type\":\"WebPage\",\"@id\":\"https:\/\/www.lisfadis.com\/en\/gallery\/\",\"url\":\"https:\/\/www.lisfadis.com\/en\/gallery\/\",\"name\":\"Gallery\"}}]}]}<\/script>\n<!-- \/ Yoast SEO plugin. -->","_links":{"self":[{"href":"https:\/\/www.lisfadis.com\/en\/wp-json\/wp\/v2\/pages\/659"}],"collection":[{"href":"https:\/\/www.lisfadis.com\/en\/wp-json\/wp\/v2\/pages"}],"about":[{"href":"https:\/\/www.lisfadis.com\/en\/wp-json\/wp\/v2\/types\/page"}],"author":[{"embeddable":true,"href":"https:\/\/www.lisfadis.com\/en\/wp-json\/wp\/v2\/users\/1"}],"replies":[{"embeddable":true,"href":"https:\/\/www.lisfadis.com\/en\/wp-json\/wp\/v2\/comments?post=659"}],"version-history":[{"count":0,"href":"https:\/\/www.lisfadis.com\/en\/wp-json\/wp\/v2\/pages\/659\/revisions"}],"wp:attachment":[{"href":"https:\/\/www.lisfadis.com\/en\/wp-json\/wp\/v2\/media?parent=659"}],"curies":[{"name":"wp","href":"https:\/\/api.w.org\/{rel}","templated":true}]}}